{"id":1642,"date":"2021-09-16T18:09:28","date_gmt":"2021-09-16T18:09:28","guid":{"rendered":"https:\/\/the7.io\/consulting\/?page_id=1642"},"modified":"2025-08-02T15:15:43","modified_gmt":"2025-08-02T15:15:43","slug":"about-us","status":"publish","type":"page","link":"https:\/\/www.agenasaglik.com\/en\/about-us\/","title":{"rendered":"About us"},"content":{"rendered":"\t\t<div data-elementor-type=\"wp-page\" data-elementor-id=\"1642\" class=\"elementor elementor-1642\" data-elementor-post-type=\"page\">\n\t\t\t\t\t\t<section class=\"elementor-section elementor-top-section elementor-element elementor-element-f8cff2c elementor-section-full_width elementor-section-height-default elementor-section-height-default\" data-id=\"f8cff2c\" data-element_type=\"section\" data-e-type=\"section\">\n\t\t\t\t\t\t\t<div class=\"elementor-background-overlay\"><\/div>\n\t\t\t\t\t\t\t<div class=\"elementor-container elementor-column-gap-default\">\n\t\t\t\t\t<div class=\"elementor-column elementor-col-50 elementor-top-column elementor-element elementor-element-0b6938b\" data-id=\"0b6938b\" data-element_type=\"column\" data-e-type=\"column\">\n\t\t\t<div class=\"elementor-widget-wrap elementor-element-populated\">\n\t\t\t\t\t\t<div class=\"elementor-element elementor-element-d2a05c7 elementor-widget elementor-widget-heading\" data-id=\"d2a05c7\" data-element_type=\"widget\" data-e-type=\"widget\" data-widget_type=\"heading.default\">\n\t\t\t\t<div class=\"elementor-widget-container\">\n\t\t\t\t\t<h2 class=\"elementor-heading-title elementor-size-default\">AGENA SA\u011eLIK A.\u015e.<\/h2>\t\t\t\t<\/div>\n\t\t\t\t<\/div>\n\t\t\t\t<div class=\"elementor-element elementor-element-db36c73 elementor-widget elementor-widget-spacer\" data-id=\"db36c73\" data-element_type=\"widget\" data-e-type=\"widget\" data-widget_type=\"spacer.default\">\n\t\t\t\t<div class=\"elementor-widget-container\">\n\t\t\t\t\t\t\t<div class=\"elementor-spacer\">\n\t\t\t<div class=\"elementor-spacer-inner\"><\/div>\n\t\t<\/div>\n\t\t\t\t\t\t<\/div>\n\t\t\t\t<\/div>\n\t\t\t\t<div class=\"elementor-element elementor-element-747bc5f elementor-widget elementor-widget-text-editor\" data-id=\"747bc5f\" data-element_type=\"widget\" data-e-type=\"widget\" data-widget_type=\"text-editor.default\">\n\t\t\t\t<div class=\"elementor-widget-container\">\n\t\t\t\t\t\t\t\t\t<p>With over 30 years of experience and a leading role in healthcare sector, AGENA SA\u011eLIK A.\u015e. provides Turkish market with high technology and quality products and services. In the meantime; we also carry out many projects internationally via companies and healthcare providers on abroad.<\/p>\t\t\t\t\t\t\t\t<\/div>\n\t\t\t\t<\/div>\n\t\t\t\t\t<\/div>\n\t\t<\/div>\n\t\t\t\t<div class=\"elementor-column elementor-col-50 elementor-top-column elementor-element elementor-element-081cebf\" data-id=\"081cebf\" data-element_type=\"column\" data-e-type=\"column\">\n\t\t\t<div class=\"elementor-widget-wrap elementor-element-populated\">\n\t\t\t\t\t\t<div class=\"elementor-element elementor-element-01aac14 elementor-widget elementor-widget-image\" data-id=\"01aac14\" data-element_type=\"widget\" data-e-type=\"widget\" data-widget_type=\"image.default\">\n\t\t\t\t<div class=\"elementor-widget-container\">\n\t\t\t\t\t\t\t\t\t\t\t\t\t\t\t<img fetchpriority=\"high\" decoding=\"async\" width=\"1024\" height=\"768\" src=\"https:\/\/www.agenasaglik.com\/wp-content\/uploads\/2025\/08\/about-us-02.jpg\" class=\"attachment-full size-full wp-image-5849\" alt=\"\" srcset=\"https:\/\/www.agenasaglik.com\/wp-content\/uploads\/2025\/08\/about-us-02.jpg 1024w, https:\/\/www.agenasaglik.com\/wp-content\/uploads\/2025\/08\/about-us-02-300x225.jpg 300w, https:\/\/www.agenasaglik.com\/wp-content\/uploads\/2025\/08\/about-us-02-768x576.jpg 768w\" sizes=\"(max-width: 1024px) 100vw, 1024px\" \/>\t\t\t\t\t\t\t\t\t\t\t\t\t\t\t<\/div>\n\t\t\t\t<\/div>\n\t\t\t\t\t<\/div>\n\t\t<\/div>\n\t\t\t\t\t<\/div>\n\t\t<\/section>\n\t\t\t\t<section class=\"elementor-section elementor-top-section elementor-element elementor-element-1f2f5e7 elementor-section-full_width elementor-section-height-default elementor-section-height-default\" data-id=\"1f2f5e7\" data-element_type=\"section\" data-e-type=\"section\">\n\t\t\t\t\t\t\t<div class=\"elementor-background-overlay\"><\/div>\n\t\t\t\t\t\t\t<div class=\"elementor-container elementor-column-gap-default\">\n\t\t\t\t\t<div class=\"elementor-column elementor-col-100 elementor-top-column elementor-element elementor-element-a4b7a7f\" data-id=\"a4b7a7f\" data-element_type=\"column\" data-e-type=\"column\">\n\t\t\t<div class=\"elementor-widget-wrap elementor-element-populated\">\n\t\t\t\t\t\t<div class=\"elementor-element elementor-element-76dab79 elementor-widget elementor-widget-heading\" data-id=\"76dab79\" data-element_type=\"widget\" data-e-type=\"widget\" data-widget_type=\"heading.default\">\n\t\t\t\t<div class=\"elementor-widget-container\">\n\t\t\t\t\t<h2 class=\"elementor-heading-title elementor-size-default\">Qualified Team<\/h2>\t\t\t\t<\/div>\n\t\t\t\t<\/div>\n\t\t\t\t<div class=\"elementor-element elementor-element-e321e06 elementor-widget elementor-widget-spacer\" data-id=\"e321e06\" data-element_type=\"widget\" data-e-type=\"widget\" data-widget_type=\"spacer.default\">\n\t\t\t\t<div class=\"elementor-widget-container\">\n\t\t\t\t\t\t\t<div class=\"elementor-spacer\">\n\t\t\t<div class=\"elementor-spacer-inner\"><\/div>\n\t\t<\/div>\n\t\t\t\t\t\t<\/div>\n\t\t\t\t<\/div>\n\t\t\t\t<div class=\"elementor-element elementor-element-ca6b64b elementor-widget elementor-widget-text-editor\" data-id=\"ca6b64b\" data-element_type=\"widget\" data-e-type=\"widget\" data-widget_type=\"text-editor.default\">\n\t\t\t\t<div class=\"elementor-widget-container\">\n\t\t\t\t\t\t\t\t\t<p>The know-how and the experience of many years of our qualified team brings AGENA SA\u011eLIK A.\u015e. a creator with efficient and beneficial solutions for healthcare providers.<\/p><p>At a point where the world has reached where all business processes are becoming digitalized, it is unthinkable for healthcare service delivery to fall behind. AGENA SA\u011eLIK A.\u015e., with this foresight, we develop and offer sustainable systems that can manage digital processes in the healthcare system in most effective and efficient way.<\/p>\t\t\t\t\t\t\t\t<\/div>\n\t\t\t\t<\/div>\n\t\t\t\t\t<\/div>\n\t\t<\/div>\n\t\t\t\t\t<\/div>\n\t\t<\/section>\n\t\t\t\t<section class=\"elementor-section elementor-top-section elementor-element elementor-element-11b0c32 elementor-section-full_width elementor-section-height-default elementor-section-height-default\" data-id=\"11b0c32\" data-element_type=\"section\" data-e-type=\"section\">\n\t\t\t\t\t\t\t<div class=\"elementor-background-overlay\"><\/div>\n\t\t\t\t\t\t\t<div class=\"elementor-container elementor-column-gap-default\">\n\t\t\t\t\t<div class=\"elementor-column elementor-col-50 elementor-top-column elementor-element elementor-element-3636572\" data-id=\"3636572\" data-element_type=\"column\" data-e-type=\"column\">\n\t\t\t<div class=\"elementor-widget-wrap elementor-element-populated\">\n\t\t\t\t\t\t<div class=\"elementor-element elementor-element-f728bf0 elementor-widget elementor-widget-heading\" data-id=\"f728bf0\" data-element_type=\"widget\" data-e-type=\"widget\" data-widget_type=\"heading.default\">\n\t\t\t\t<div class=\"elementor-widget-container\">\n\t\t\t\t\t<h2 class=\"elementor-heading-title elementor-size-default\">Mission &amp; Vision<\/h2>\t\t\t\t<\/div>\n\t\t\t\t<\/div>\n\t\t\t\t<div class=\"elementor-element elementor-element-7dc56ec elementor-widget elementor-widget-spacer\" data-id=\"7dc56ec\" data-element_type=\"widget\" data-e-type=\"widget\" data-widget_type=\"spacer.default\">\n\t\t\t\t<div class=\"elementor-widget-container\">\n\t\t\t\t\t\t\t<div class=\"elementor-spacer\">\n\t\t\t<div class=\"elementor-spacer-inner\"><\/div>\n\t\t<\/div>\n\t\t\t\t\t\t<\/div>\n\t\t\t\t<\/div>\n\t\t\t\t<div class=\"elementor-element elementor-element-99dd994 elementor-widget elementor-widget-text-editor\" data-id=\"99dd994\" data-element_type=\"widget\" data-e-type=\"widget\" data-widget_type=\"text-editor.default\">\n\t\t\t\t<div class=\"elementor-widget-container\">\n\t\t\t\t\t\t\t\t\t<p>Our mission is asserting significant contribution in the healthcare sector by providing user friendly, profitable and nonstop solutions which are shorten time, strengthen quality and efficiency, trackable, recordable and reportable for healthcare providers.<\/p><p>Our vision is regularly upgrade ourselves by following each new regulation, condition, feedbacks and keep providing continuous innovative solutions for our customers.<\/p>\t\t\t\t\t\t\t\t<\/div>\n\t\t\t\t<\/div>\n\t\t\t\t\t<\/div>\n\t\t<\/div>\n\t\t\t\t<div class=\"elementor-column elementor-col-50 elementor-top-column elementor-element elementor-element-95741a2\" data-id=\"95741a2\" data-element_type=\"column\" data-e-type=\"column\">\n\t\t\t<div class=\"elementor-widget-wrap elementor-element-populated\">\n\t\t\t\t\t\t<div class=\"elementor-element elementor-element-f605734 elementor-widget elementor-widget-image\" data-id=\"f605734\" data-element_type=\"widget\" data-e-type=\"widget\" data-widget_type=\"image.default\">\n\t\t\t\t<div class=\"elementor-widget-container\">\n\t\t\t\t\t\t\t\t\t\t\t\t\t\t\t<img decoding=\"async\" width=\"1024\" height=\"768\" src=\"https:\/\/www.agenasaglik.com\/wp-content\/uploads\/2025\/08\/about-us-01.jpg\" class=\"attachment-full size-full wp-image-5847\" alt=\"\" srcset=\"https:\/\/www.agenasaglik.com\/wp-content\/uploads\/2025\/08\/about-us-01.jpg 1024w, https:\/\/www.agenasaglik.com\/wp-content\/uploads\/2025\/08\/about-us-01-300x225.jpg 300w, https:\/\/www.agenasaglik.com\/wp-content\/uploads\/2025\/08\/about-us-01-768x576.jpg 768w\" sizes=\"(max-width: 1024px) 100vw, 1024px\" \/>\t\t\t\t\t\t\t\t\t\t\t\t\t\t\t<\/div>\n\t\t\t\t<\/div>\n\t\t\t\t\t<\/div>\n\t\t<\/div>\n\t\t\t\t\t<\/div>\n\t\t<\/section>\n\t\t\t\t<\/div>\n\t\t","protected":false},"excerpt":{"rendered":"<p>AGENA SA\u011eLIK A.\u015e. With over 30 years of experience and a leading role in healthcare sector, AGENA SA\u011eLIK A.\u015e. provides Turkish market with high technology and quality products and services. In the meantime; we also carry out many projects internationally via companies and healthcare providers on abroad. Qualified Team The know-how and the experience of&hellip;<\/p>\n","protected":false},"author":1,"featured_media":716,"parent":0,"menu_order":15,"comment_status":"closed","ping_status":"closed","template":"","meta":{"inline_featured_image":false,"footnotes":""},"class_list":["post-1642","page","type-page","status-publish","has-post-thumbnail","hentry"],"yoast_head":"<!-- This site is optimized with the Yoast SEO plugin v27.4 - https:\/\/yoast.com\/product\/yoast-seo-wordpress\/ -->\n<title>Agena Medical Inc.<\/title>\n<meta name=\"robots\" content=\"index, follow, max-snippet:-1, max-image-preview:large, max-video-preview:-1\" \/>\n<link rel=\"canonical\" href=\"https:\/\/www.agenasaglik.com\/hakkimizda\/\" \/>\n<meta property=\"og:locale\" content=\"en_US\" \/>\n<meta property=\"og:type\" content=\"article\" \/>\n<meta property=\"og:title\" content=\"About us - Agena Medical Inc.\" \/>\n<meta property=\"og:description\" content=\"AGENA SA\u011eLIK A.\u015e. With over 30 years of experience and a leading role in healthcare sector, AGENA SA\u011eLIK A.\u015e. provides Turkish market with high technology and quality products and services. In the meantime; we also carry out many projects internationally via companies and healthcare providers on abroad. Qualified Team The know-how and the experience of&hellip;\" \/>\n<meta property=\"og:url\" content=\"https:\/\/www.agenasaglik.com\/hakkimizda\/\" \/>\n<meta property=\"og:site_name\" content=\"Agena Medical Inc.\" \/>\n<meta property=\"article:modified_time\" content=\"2025-08-02T15:15:43+00:00\" \/>\n<meta property=\"og:image\" content=\"https:\/\/www.agenasaglik.com\/wp-content\/uploads\/2020\/02\/cons007.jpg\" \/>\n\t<meta property=\"og:image:width\" content=\"1500\" \/>\n\t<meta property=\"og:image:height\" content=\"1000\" \/>\n\t<meta property=\"og:image:type\" content=\"image\/jpeg\" \/>\n<meta name=\"twitter:card\" content=\"summary_large_image\" \/>\n<meta name=\"twitter:label1\" content=\"Est. reading time\" \/>\n\t<meta name=\"twitter:data1\" content=\"2 minutes\" \/>\n<script type=\"application\/ld+json\" class=\"yoast-schema-graph\">{\"@context\":\"https:\\\/\\\/schema.org\",\"@graph\":[{\"@type\":\"WebPage\",\"@id\":\"https:\\\/\\\/www.agenasaglik.com\\\/hakkimizda\\\/\",\"url\":\"https:\\\/\\\/www.agenasaglik.com\\\/hakkimizda\\\/\",\"name\":\"About us - Agena Medical Inc.\",\"isPartOf\":{\"@id\":\"https:\\\/\\\/www.agenasaglik.com\\\/#website\"},\"primaryImageOfPage\":{\"@id\":\"https:\\\/\\\/www.agenasaglik.com\\\/hakkimizda\\\/#primaryimage\"},\"image\":{\"@id\":\"https:\\\/\\\/www.agenasaglik.com\\\/hakkimizda\\\/#primaryimage\"},\"thumbnailUrl\":\"https:\\\/\\\/www.agenasaglik.com\\\/wp-content\\\/uploads\\\/2020\\\/02\\\/cons007.jpg\",\"datePublished\":\"2021-09-16T18:09:28+00:00\",\"dateModified\":\"2025-08-02T15:15:43+00:00\",\"breadcrumb\":{\"@id\":\"https:\\\/\\\/www.agenasaglik.com\\\/hakkimizda\\\/#breadcrumb\"},\"inLanguage\":\"en-US\",\"potentialAction\":[{\"@type\":\"ReadAction\",\"target\":[\"https:\\\/\\\/www.agenasaglik.com\\\/hakkimizda\\\/\"]}]},{\"@type\":\"ImageObject\",\"inLanguage\":\"en-US\",\"@id\":\"https:\\\/\\\/www.agenasaglik.com\\\/hakkimizda\\\/#primaryimage\",\"url\":\"https:\\\/\\\/www.agenasaglik.com\\\/wp-content\\\/uploads\\\/2020\\\/02\\\/cons007.jpg\",\"contentUrl\":\"https:\\\/\\\/www.agenasaglik.com\\\/wp-content\\\/uploads\\\/2020\\\/02\\\/cons007.jpg\",\"width\":1500,\"height\":1000},{\"@type\":\"BreadcrumbList\",\"@id\":\"https:\\\/\\\/www.agenasaglik.com\\\/hakkimizda\\\/#breadcrumb\",\"itemListElement\":[{\"@type\":\"ListItem\",\"position\":1,\"name\":\"Home\",\"item\":\"https:\\\/\\\/www.agenasaglik.com\\\/en\\\/\"},{\"@type\":\"ListItem\",\"position\":2,\"name\":\"About us\"}]},{\"@type\":\"WebSite\",\"@id\":\"https:\\\/\\\/www.agenasaglik.com\\\/#website\",\"url\":\"https:\\\/\\\/www.agenasaglik.com\\\/\",\"name\":\"Agena Medical Inc.\",\"description\":\"Medical Supplies\",\"publisher\":{\"@id\":\"https:\\\/\\\/www.agenasaglik.com\\\/#organization\"},\"potentialAction\":[{\"@type\":\"SearchAction\",\"target\":{\"@type\":\"EntryPoint\",\"urlTemplate\":\"https:\\\/\\\/www.agenasaglik.com\\\/?s={search_term_string}\"},\"query-input\":{\"@type\":\"PropertyValueSpecification\",\"valueRequired\":true,\"valueName\":\"search_term_string\"}}],\"inLanguage\":\"en-US\"},{\"@type\":\"Organization\",\"@id\":\"https:\\\/\\\/www.agenasaglik.com\\\/#organization\",\"name\":\"Agena Medical Inc.\",\"url\":\"https:\\\/\\\/www.agenasaglik.com\\\/\",\"logo\":{\"@type\":\"ImageObject\",\"inLanguage\":\"en-US\",\"@id\":\"https:\\\/\\\/www.agenasaglik.com\\\/#\\\/schema\\\/logo\\\/image\\\/\",\"url\":\"https:\\\/\\\/www.agenasaglik.com\\\/wp-content\\\/uploads\\\/2022\\\/06\\\/agena-saglik-logo-1.png\",\"contentUrl\":\"https:\\\/\\\/www.agenasaglik.com\\\/wp-content\\\/uploads\\\/2022\\\/06\\\/agena-saglik-logo-1.png\",\"width\":321,\"height\":85,\"caption\":\"Agena Medical Inc.\"},\"image\":{\"@id\":\"https:\\\/\\\/www.agenasaglik.com\\\/#\\\/schema\\\/logo\\\/image\\\/\"}}]}<\/script>\n<!-- \/ Yoast SEO plugin. -->","yoast_head_json":{"title":"Agena Medical Inc.","robots":{"index":"index","follow":"follow","max-snippet":"max-snippet:-1","max-image-preview":"max-image-preview:large","max-video-preview":"max-video-preview:-1"},"canonical":"https:\/\/www.agenasaglik.com\/hakkimizda\/","og_locale":"en_US","og_type":"article","og_title":"About us - Agena Medical Inc.","og_description":"AGENA SA\u011eLIK A.\u015e. With over 30 years of experience and a leading role in healthcare sector, AGENA SA\u011eLIK A.\u015e. provides Turkish market with high technology and quality products and services. In the meantime; we also carry out many projects internationally via companies and healthcare providers on abroad. Qualified Team The know-how and the experience of&hellip;","og_url":"https:\/\/www.agenasaglik.com\/hakkimizda\/","og_site_name":"Agena Medical Inc.","article_modified_time":"2025-08-02T15:15:43+00:00","og_image":[{"width":1500,"height":1000,"url":"https:\/\/www.agenasaglik.com\/wp-content\/uploads\/2020\/02\/cons007.jpg","type":"image\/jpeg"}],"twitter_card":"summary_large_image","twitter_misc":{"Est. reading time":"2 minutes"},"schema":{"@context":"https:\/\/schema.org","@graph":[{"@type":"WebPage","@id":"https:\/\/www.agenasaglik.com\/hakkimizda\/","url":"https:\/\/www.agenasaglik.com\/hakkimizda\/","name":"About us - Agena Medical Inc.","isPartOf":{"@id":"https:\/\/www.agenasaglik.com\/#website"},"primaryImageOfPage":{"@id":"https:\/\/www.agenasaglik.com\/hakkimizda\/#primaryimage"},"image":{"@id":"https:\/\/www.agenasaglik.com\/hakkimizda\/#primaryimage"},"thumbnailUrl":"https:\/\/www.agenasaglik.com\/wp-content\/uploads\/2020\/02\/cons007.jpg","datePublished":"2021-09-16T18:09:28+00:00","dateModified":"2025-08-02T15:15:43+00:00","breadcrumb":{"@id":"https:\/\/www.agenasaglik.com\/hakkimizda\/#breadcrumb"},"inLanguage":"en-US","potentialAction":[{"@type":"ReadAction","target":["https:\/\/www.agenasaglik.com\/hakkimizda\/"]}]},{"@type":"ImageObject","inLanguage":"en-US","@id":"https:\/\/www.agenasaglik.com\/hakkimizda\/#primaryimage","url":"https:\/\/www.agenasaglik.com\/wp-content\/uploads\/2020\/02\/cons007.jpg","contentUrl":"https:\/\/www.agenasaglik.com\/wp-content\/uploads\/2020\/02\/cons007.jpg","width":1500,"height":1000},{"@type":"BreadcrumbList","@id":"https:\/\/www.agenasaglik.com\/hakkimizda\/#breadcrumb","itemListElement":[{"@type":"ListItem","position":1,"name":"Home","item":"https:\/\/www.agenasaglik.com\/en\/"},{"@type":"ListItem","position":2,"name":"About us"}]},{"@type":"WebSite","@id":"https:\/\/www.agenasaglik.com\/#website","url":"https:\/\/www.agenasaglik.com\/","name":"Agena Medical Inc.","description":"Medical Supplies","publisher":{"@id":"https:\/\/www.agenasaglik.com\/#organization"},"potentialAction":[{"@type":"SearchAction","target":{"@type":"EntryPoint","urlTemplate":"https:\/\/www.agenasaglik.com\/?s={search_term_string}"},"query-input":{"@type":"PropertyValueSpecification","valueRequired":true,"valueName":"search_term_string"}}],"inLanguage":"en-US"},{"@type":"Organization","@id":"https:\/\/www.agenasaglik.com\/#organization","name":"Agena Medical Inc.","url":"https:\/\/www.agenasaglik.com\/","logo":{"@type":"ImageObject","inLanguage":"en-US","@id":"https:\/\/www.agenasaglik.com\/#\/schema\/logo\/image\/","url":"https:\/\/www.agenasaglik.com\/wp-content\/uploads\/2022\/06\/agena-saglik-logo-1.png","contentUrl":"https:\/\/www.agenasaglik.com\/wp-content\/uploads\/2022\/06\/agena-saglik-logo-1.png","width":321,"height":85,"caption":"Agena Medical Inc."},"image":{"@id":"https:\/\/www.agenasaglik.com\/#\/schema\/logo\/image\/"}}]}},"_links":{"self":[{"href":"https:\/\/www.agenasaglik.com\/en\/wp-json\/wp\/v2\/pages\/1642","targetHints":{"allow":["GET"]}}],"collection":[{"href":"https:\/\/www.agenasaglik.com\/en\/wp-json\/wp\/v2\/pages"}],"about":[{"href":"https:\/\/www.agenasaglik.com\/en\/wp-json\/wp\/v2\/types\/page"}],"author":[{"embeddable":true,"href":"https:\/\/www.agenasaglik.com\/en\/wp-json\/wp\/v2\/users\/1"}],"replies":[{"embeddable":true,"href":"https:\/\/www.agenasaglik.com\/en\/wp-json\/wp\/v2\/comments?post=1642"}],"version-history":[{"count":10,"href":"https:\/\/www.agenasaglik.com\/en\/wp-json\/wp\/v2\/pages\/1642\/revisions"}],"predecessor-version":[{"id":5902,"href":"https:\/\/www.agenasaglik.com\/en\/wp-json\/wp\/v2\/pages\/1642\/revisions\/5902"}],"wp:featuredmedia":[{"embeddable":true,"href":"https:\/\/www.agenasaglik.com\/en\/wp-json\/wp\/v2\/media\/716"}],"wp:attachment":[{"href":"https:\/\/www.agenasaglik.com\/en\/wp-json\/wp\/v2\/media?parent=1642"}],"curies":[{"name":"wp","href":"https:\/\/api.w.org\/{rel}","templated":true}]}}