{"id":4852,"date":"2021-09-16T18:09:59","date_gmt":"2021-09-16T18:09:59","guid":{"rendered":"https:\/\/www.agenasaglik.com\/contact\/"},"modified":"2025-07-29T10:30:50","modified_gmt":"2025-07-29T10:30:50","slug":"iletisim","status":"publish","type":"page","link":"https:\/\/www.agenasaglik.com\/tr\/iletisim\/","title":{"rendered":"\u0130leti\u015fim"},"content":{"rendered":"\t\t<div data-elementor-type=\"wp-page\" data-elementor-id=\"4852\" class=\"elementor elementor-4852 elementor-1644\" data-elementor-post-type=\"page\">\n\t\t\t\t\t\t<section class=\"elementor-section elementor-top-section elementor-element elementor-element-681b050 elementor-section-boxed elementor-section-height-default elementor-section-height-default\" data-id=\"681b050\" data-element_type=\"section\" data-e-type=\"section\">\n\t\t\t\t\t\t<div class=\"elementor-container elementor-column-gap-wider\">\n\t\t\t\t\t<div class=\"elementor-column elementor-col-33 elementor-top-column elementor-element elementor-element-4c738fd\" data-id=\"4c738fd\" data-element_type=\"column\" data-e-type=\"column\">\n\t\t\t<div class=\"elementor-widget-wrap elementor-element-populated\">\n\t\t\t\t\t\t<div class=\"elementor-element elementor-element-971a336 icon-position-mobile-top icon-position-top content-align-left icon-box-vertical-align-top icon-vertical-align-start elementor-widget elementor-widget-the7_icon_box_widget\" data-id=\"971a336\" data-element_type=\"widget\" data-e-type=\"widget\" data-widget_type=\"the7_icon_box_widget.default\">\n\t\t\t\t<div class=\"elementor-widget-container\">\n\t\t\t\t\t\n\t\t<div class=\"the7-box-wrapper the7-elementor-widget the7_icon_box_widget-971a336\">\t\t\t<div class=\"box-content-wrapper\">\n\t\t\t\t\t\t\t\t\t<a class=\"elementor-icon-div\" >\t\t\t\t\t\t<div class=\"elementor-icon\">\n\t\t\t\t\t\t\t<i aria-hidden=\"true\" class=\"fas fa-phone-alt\"><\/i>\t\t\t\t\t\t<\/div>\n\t\t\t\t\t<\/a>\t\t\t\t\t\t\t\t<div class=\"box-content\">\n\t\t\t\t\t\t\t\t\t\t\t\t\t\t\t\t\t<h4 class=\"box-heading\">\n\t\t\t\t\t\t\t<a >\t\t\t\t\t\t\t\t+90 312 394 36 53\t\t\t\t\t\t\t<\/a>\t\t\t\t\t\t<\/h4>\n\t\t\t\t\t\t\t\t\t\t\t\t\t\t\t\t<div class=\"box-description\"><p>M\u00fc\u015fteri deste\u011fi<br>Pzt-Cum: 9:00 \u2013 18:00<span style=\"color: var(--the7-base-color); font-family: var( --e-global-typography-el_content_2-font-family ), Sans-serif; font-size: var( --e-global-typography-el_content_2-font-size ); font-style: var( --e-global-typography-el_content_2-font-style ); font-weight: var( --e-global-typography-el_content_2-font-weight ); text-transform: var( --e-global-typography-el_content_2-text-transform ); word-spacing: normal;\"><\/span><\/p><\/div>\n\t\t\t\t\t\n\t\t\t\t\t\n\t\t\t\t<\/div>\n\t\t\t<\/div>\n\t\t<\/div>\t\t\t\t\t<\/div>\n\t\t\t\t<\/div>\n\t\t\t\t\t<\/div>\n\t\t<\/div>\n\t\t\t\t<div class=\"elementor-column elementor-col-33 elementor-top-column elementor-element elementor-element-a5e492f\" data-id=\"a5e492f\" data-element_type=\"column\" data-e-type=\"column\">\n\t\t\t<div class=\"elementor-widget-wrap elementor-element-populated\">\n\t\t\t\t\t\t<div class=\"elementor-element elementor-element-e3dcf1a icon-position-mobile-top icon-position-top content-align-left icon-box-vertical-align-top icon-vertical-align-start elementor-widget elementor-widget-the7_icon_box_widget\" data-id=\"e3dcf1a\" data-element_type=\"widget\" data-e-type=\"widget\" data-widget_type=\"the7_icon_box_widget.default\">\n\t\t\t\t<div class=\"elementor-widget-container\">\n\t\t\t\t\t\n\t\t<div class=\"the7-box-wrapper the7-elementor-widget the7_icon_box_widget-e3dcf1a\">\t\t\t<div class=\"box-content-wrapper\">\n\t\t\t\t\t\t\t\t\t<a class=\"elementor-icon-div\" >\t\t\t\t\t\t<div class=\"elementor-icon\">\n\t\t\t\t\t\t\t<i aria-hidden=\"true\" class=\"fas fa-envelope\"><\/i>\t\t\t\t\t\t<\/div>\n\t\t\t\t\t<\/a>\t\t\t\t\t\t\t\t<div class=\"box-content\">\n\t\t\t\t\t\t\t\t\t\t\t\t\t\t\t\t\t<h4 class=\"box-heading\">\n\t\t\t\t\t\t\t<a >\t\t\t\t\t\t\t\tbilgi@agenasaglik.com\t\t\t\t\t\t\t<\/a>\t\t\t\t\t\t<\/h4>\n\t\t\t\t\t\t\t\t\t\t\t\t\t\t\t\t<div class=\"box-description\"><p>M\u00fc\u015fteri Hizmetleri<br \/>Genel Sorular<\/p><\/div>\n\t\t\t\t\t\n\t\t\t\t\t\n\t\t\t\t<\/div>\n\t\t\t<\/div>\n\t\t<\/div>\t\t\t\t\t<\/div>\n\t\t\t\t<\/div>\n\t\t\t\t\t<\/div>\n\t\t<\/div>\n\t\t\t\t<div class=\"elementor-column elementor-col-33 elementor-top-column elementor-element elementor-element-48940a1\" data-id=\"48940a1\" data-element_type=\"column\" data-e-type=\"column\">\n\t\t\t<div class=\"elementor-widget-wrap elementor-element-populated\">\n\t\t\t\t\t\t<div class=\"elementor-element elementor-element-a74dee1 icon-position-mobile-top icon-position-top content-align-left icon-box-vertical-align-top icon-vertical-align-start elementor-widget elementor-widget-the7_icon_box_widget\" data-id=\"a74dee1\" data-element_type=\"widget\" data-e-type=\"widget\" data-widget_type=\"the7_icon_box_widget.default\">\n\t\t\t\t<div class=\"elementor-widget-container\">\n\t\t\t\t\t\n\t\t<div class=\"the7-box-wrapper the7-elementor-widget the7_icon_box_widget-a74dee1\">\t\t\t<div class=\"box-content-wrapper\">\n\t\t\t\t\t\t\t\t\t<a class=\"elementor-icon-div\" >\t\t\t\t\t\t<div class=\"elementor-icon\">\n\t\t\t\t\t\t\t<i aria-hidden=\"true\" class=\"fas fa-map-marked-alt\"><\/i>\t\t\t\t\t\t<\/div>\n\t\t\t\t\t<\/a>\t\t\t\t\t\t\t\t<div class=\"box-content\">\n\t\t\t\t\t\t\t\t\t\t\t\t\t\t\t\t\t<h4 class=\"box-heading\">\n\t\t\t\t\t\t\t<a >\t\t\t\t\t\t\t\tTimko-1 \u0130\u015fyerleri Sitesi<br>No:20 J\/4 Yenimahalle<br>Ankara \/ T\u00fcrkiye\t\t\t\t\t\t\t<\/a>\t\t\t\t\t\t<\/h4>\n\t\t\t\t\t\t\t\t\t\t\t\t\t\t\t\t<div class=\"box-description\"><p>Genel Merkez<\/p><\/div>\n\t\t\t\t\t\n\t\t\t\t\t\n\t\t\t\t<\/div>\n\t\t\t<\/div>\n\t\t<\/div>\t\t\t\t\t<\/div>\n\t\t\t\t<\/div>\n\t\t\t\t\t<\/div>\n\t\t<\/div>\n\t\t\t\t\t<\/div>\n\t\t<\/section>\n\t\t\t\t<section class=\"elementor-section elementor-top-section elementor-element elementor-element-bf186f8 elementor-section-boxed elementor-section-height-default elementor-section-height-default\" data-id=\"bf186f8\" data-element_type=\"section\" data-e-type=\"section\" data-settings=\"{&quot;background_background&quot;:&quot;classic&quot;}\">\n\t\t\t\t\t\t<div class=\"elementor-container elementor-column-gap-wider\">\n\t\t\t\t\t<div class=\"elementor-column elementor-col-50 elementor-top-column elementor-element elementor-element-a203ed8\" data-id=\"a203ed8\" data-element_type=\"column\" data-e-type=\"column\">\n\t\t\t<div class=\"elementor-widget-wrap elementor-element-populated\">\n\t\t\t\t\t\t<div class=\"elementor-element elementor-element-bd2b554 elementor-widget elementor-widget-heading\" data-id=\"bd2b554\" data-element_type=\"widget\" data-e-type=\"widget\" data-widget_type=\"heading.default\">\n\t\t\t\t<div class=\"elementor-widget-container\">\n\t\t\t\t\t<h3 class=\"elementor-heading-title elementor-size-default\">Size nas\u0131l yard\u0131mc\u0131 olabiliriz?<\/h3>\t\t\t\t<\/div>\n\t\t\t\t<\/div>\n\t\t\t\t<div class=\"elementor-element elementor-element-cfc47da elementor-widget elementor-widget-spacer\" data-id=\"cfc47da\" data-element_type=\"widget\" data-e-type=\"widget\" data-widget_type=\"spacer.default\">\n\t\t\t\t<div class=\"elementor-widget-container\">\n\t\t\t\t\t\t\t<div class=\"elementor-spacer\">\n\t\t\t<div class=\"elementor-spacer-inner\"><\/div>\n\t\t<\/div>\n\t\t\t\t\t\t<\/div>\n\t\t\t\t<\/div>\n\t\t\t\t<div class=\"elementor-element elementor-element-590ba45 elementor-button-align-start elementor-widget elementor-widget-form\" data-id=\"590ba45\" data-element_type=\"widget\" data-e-type=\"widget\" data-settings=\"{&quot;step_next_label&quot;:&quot;Next&quot;,&quot;step_previous_label&quot;:&quot;Previous&quot;,&quot;button_width&quot;:&quot;100&quot;,&quot;step_type&quot;:&quot;number_text&quot;,&quot;step_icon_shape&quot;:&quot;circle&quot;}\" data-widget_type=\"form.default\">\n\t\t\t\t<div class=\"elementor-widget-container\">\n\t\t\t\t\t\t\t<form class=\"elementor-form\" method=\"post\" name=\"New Form\" aria-label=\"New Form\">\n\t\t\t<input type=\"hidden\" name=\"post_id\" value=\"4852\"\/>\n\t\t\t<input type=\"hidden\" name=\"form_id\" value=\"590ba45\"\/>\n\t\t\t<input type=\"hidden\" name=\"referer_title\" value=\"\u0130leti\u015fim &#8211; Agena Medical Inc.\" \/>\n\n\t\t\t\t\t\t\t<input type=\"hidden\" name=\"queried_id\" value=\"4852\"\/>\n\t\t\t\n\t\t\t<div class=\"elementor-form-fields-wrapper elementor-labels-above\">\n\t\t\t\t\t\t\t\t<div class=\"elementor-field-type-text elementor-field-group elementor-column elementor-field-group-name elementor-col-50 elementor-field-required\">\n\t\t\t\t\t\t\t\t\t\t\t\t<label for=\"form-field-name\" class=\"elementor-field-label\">\n\t\t\t\t\t\t\t\tAd Soyad\t\t\t\t\t\t\t<\/label>\n\t\t\t\t\t\t\t\t\t\t\t\t\t\t<input size=\"1\" type=\"text\" name=\"form_fields[name]\" id=\"form-field-name\" class=\"elementor-field elementor-size-md  elementor-field-textual\" required=\"required\">\n\t\t\t\t\t\t\t\t\t\t\t<\/div>\n\t\t\t\t\t\t\t\t<div class=\"elementor-field-type-email elementor-field-group elementor-column elementor-field-group-email elementor-col-50 elementor-field-required\">\n\t\t\t\t\t\t\t\t\t\t\t\t<label for=\"form-field-email\" class=\"elementor-field-label\">\n\t\t\t\t\t\t\t\tEposta\t\t\t\t\t\t\t<\/label>\n\t\t\t\t\t\t\t\t\t\t\t\t\t\t<input size=\"1\" type=\"email\" name=\"form_fields[email]\" id=\"form-field-email\" class=\"elementor-field elementor-size-md  elementor-field-textual\" required=\"required\">\n\t\t\t\t\t\t\t\t\t\t\t<\/div>\n\t\t\t\t\t\t\t\t<div class=\"elementor-field-type-textarea elementor-field-group elementor-column elementor-field-group-message elementor-col-100 elementor-field-required\">\n\t\t\t\t\t\t\t\t\t\t\t\t<label for=\"form-field-message\" class=\"elementor-field-label\">\n\t\t\t\t\t\t\t\tMesaj\u0131n\u0131z\t\t\t\t\t\t\t<\/label>\n\t\t\t\t\t\t<textarea class=\"elementor-field-textual elementor-field  elementor-size-md\" name=\"form_fields[message]\" id=\"form-field-message\" rows=\"6\" required=\"required\"><\/textarea>\t\t\t\t<\/div>\n\t\t\t\t\t\t\t\t<div class=\"elementor-field-type-acceptance elementor-field-group elementor-column elementor-field-group-field_f91be55 elementor-col-100 elementor-field-required\">\n\t\t\t\t\t\t\t<div class=\"elementor-field-subgroup\">\n\t\t\t<span class=\"elementor-field-option\">\n\t\t\t\t<input type=\"checkbox\" name=\"form_fields[field_f91be55]\" id=\"form-field-field_f91be55\" class=\"elementor-field elementor-size-md  elementor-acceptance-field\" required=\"required\">\n\t\t\t\t<label for=\"form-field-field_f91be55\">I allow to process my personal data.<\/label>\t\t\t<\/span>\n\t\t<\/div>\n\t\t\t\t\t\t<\/div>\n\t\t\t\t\t\t\t\t<div class=\"elementor-field-group elementor-column elementor-field-type-submit elementor-col-100 e-form__buttons\">\n\t\t\t\t\t<button class=\"elementor-button elementor-size-md\" type=\"submit\">\n\t\t\t\t\t\t<span class=\"elementor-button-content-wrapper\">\n\t\t\t\t\t\t\t\t\t\t\t\t\t\t\t\t\t\t\t\t\t\t<span class=\"elementor-button-text\">Mesaj G\u00f6nderin<\/span>\n\t\t\t\t\t\t\t\t\t\t\t\t\t<\/span>\n\t\t\t\t\t<\/button>\n\t\t\t\t<\/div>\n\t\t\t<\/div>\n\t\t<\/form>\n\t\t\t\t\t\t<\/div>\n\t\t\t\t<\/div>\n\t\t\t\t\t<\/div>\n\t\t<\/div>\n\t\t\t\t<div class=\"elementor-column elementor-col-50 elementor-top-column elementor-element elementor-element-f6e978c\" data-id=\"f6e978c\" data-element_type=\"column\" data-e-type=\"column\">\n\t\t\t<div class=\"elementor-widget-wrap elementor-element-populated\">\n\t\t\t\t\t\t<div class=\"elementor-element elementor-element-3bdd6d2 elementor-widget elementor-widget-heading\" data-id=\"3bdd6d2\" data-element_type=\"widget\" data-e-type=\"widget\" data-widget_type=\"heading.default\">\n\t\t\t\t<div class=\"elementor-widget-container\">\n\t\t\t\t\t<h3 class=\"elementor-heading-title elementor-size-default\">Bize Ula\u015f\u0131m<\/h3>\t\t\t\t<\/div>\n\t\t\t\t<\/div>\n\t\t\t\t<div class=\"elementor-element elementor-element-243b4dd elementor-widget elementor-widget-spacer\" data-id=\"243b4dd\" data-element_type=\"widget\" data-e-type=\"widget\" data-widget_type=\"spacer.default\">\n\t\t\t\t<div class=\"elementor-widget-container\">\n\t\t\t\t\t\t\t<div class=\"elementor-spacer\">\n\t\t\t<div class=\"elementor-spacer-inner\"><\/div>\n\t\t<\/div>\n\t\t\t\t\t\t<\/div>\n\t\t\t\t<\/div>\n\t\t\t\t<div class=\"elementor-element elementor-element-2314de7 elementor-widget elementor-widget-google_maps\" data-id=\"2314de7\" data-element_type=\"widget\" data-e-type=\"widget\" data-widget_type=\"google_maps.default\">\n\t\t\t\t<div class=\"elementor-widget-container\">\n\t\t\t\t\t\t\t<div class=\"elementor-custom-embed\">\n\t\t\t<iframe loading=\"lazy\"\n\t\t\t\t\tsrc=\"https:\/\/maps.google.com\/maps?q=%C3%87aml%C4%B1ca%20Mh.%20Anadolu%20Bulvar%C4%B1%2C%20Timko%20Konutlar%C4%B1%201%2C%20%C4%B0%C5%9Fyeri%20Sitesi%2C%20D%3ANo%3A%20J%2F4%20Yenimahalle%2FAnkara&#038;t=m&#038;z=15&#038;output=embed&#038;iwloc=near\"\n\t\t\t\t\ttitle=\"\u00c7aml\u0131ca Mh. Anadolu Bulvar\u0131, Timko Konutlar\u0131 1, \u0130\u015fyeri Sitesi, D:No: J\/4 Yenimahalle\/Ankara\"\n\t\t\t\t\taria-label=\"\u00c7aml\u0131ca Mh. Anadolu Bulvar\u0131, Timko Konutlar\u0131 1, \u0130\u015fyeri Sitesi, D:No: J\/4 Yenimahalle\/Ankara\"\n\t\t\t><\/iframe>\n\t\t<\/div>\n\t\t\t\t\t\t<\/div>\n\t\t\t\t<\/div>\n\t\t\t\t\t<\/div>\n\t\t<\/div>\n\t\t\t\t\t<\/div>\n\t\t<\/section>\n\t\t\t\t<\/div>\n\t\t","protected":false},"excerpt":{"rendered":"<p>+90 312 394 36 53 M\u00fc\u015fteri deste\u011fiPzt-Cum: 9:00 \u2013 18:00 bilgi@agenasaglik.com M\u00fc\u015fteri HizmetleriGenel Sorular Timko-1 \u0130\u015fyerleri SitesiNo:20 J\/4 YenimahalleAnkara \/ T\u00fcrkiye Genel Merkez Size nas\u0131l yard\u0131mc\u0131 olabiliriz? Bize Ula\u015f\u0131m<\/p>\n","protected":false},"author":1,"featured_media":0,"parent":0,"menu_order":30,"comment_status":"closed","ping_status":"closed","template":"","meta":{"inline_featured_image":false,"footnotes":""},"class_list":["post-4852","page","type-page","status-publish","hentry"],"yoast_head":"<!-- This site is optimized with the Yoast SEO plugin v27.2 - https:\/\/yoast.com\/product\/yoast-seo-wordpress\/ -->\n<title>Agena Medical Inc.<\/title>\n<meta name=\"robots\" content=\"index, follow, max-snippet:-1, max-image-preview:large, max-video-preview:-1\" \/>\n<link rel=\"canonical\" href=\"https:\/\/www.agenasaglik.com\/tr\/iletisim\/\" \/>\n<meta property=\"og:locale\" content=\"tr_TR\" \/>\n<meta property=\"og:type\" content=\"article\" \/>\n<meta property=\"og:title\" content=\"\u0130leti\u015fim - Agena Medical Inc.\" \/>\n<meta property=\"og:description\" content=\"+90 312 394 36 53 M\u00fc\u015fteri deste\u011fiPzt-Cum: 9:00 \u2013 18:00 bilgi@agenasaglik.com M\u00fc\u015fteri HizmetleriGenel Sorular Timko-1 \u0130\u015fyerleri SitesiNo:20 J\/4 YenimahalleAnkara \/ T\u00fcrkiye Genel Merkez Size nas\u0131l yard\u0131mc\u0131 olabiliriz? Bize Ula\u015f\u0131m\" \/>\n<meta property=\"og:url\" content=\"https:\/\/www.agenasaglik.com\/tr\/iletisim\/\" \/>\n<meta property=\"og:site_name\" content=\"Agena Medical Inc.\" \/>\n<meta property=\"article:modified_time\" content=\"2025-07-29T10:30:50+00:00\" \/>\n<meta name=\"twitter:card\" content=\"summary_large_image\" \/>\n<meta name=\"twitter:label1\" content=\"Tahmini okuma s\u00fcresi\" \/>\n\t<meta name=\"twitter:data1\" content=\"1 dakika\" \/>\n<script type=\"application\/ld+json\" class=\"yoast-schema-graph\">{\"@context\":\"https:\/\/schema.org\",\"@graph\":[{\"@type\":\"WebPage\",\"@id\":\"https:\/\/www.agenasaglik.com\/tr\/iletisim\/\",\"url\":\"https:\/\/www.agenasaglik.com\/tr\/iletisim\/\",\"name\":\"\u0130leti\u015fim - Agena Medical Inc.\",\"isPartOf\":{\"@id\":\"https:\/\/www.agenasaglik.com\/#website\"},\"datePublished\":\"2021-09-16T18:09:59+00:00\",\"dateModified\":\"2025-07-29T10:30:50+00:00\",\"breadcrumb\":{\"@id\":\"https:\/\/www.agenasaglik.com\/tr\/iletisim\/#breadcrumb\"},\"inLanguage\":\"tr\",\"potentialAction\":[{\"@type\":\"ReadAction\",\"target\":[\"https:\/\/www.agenasaglik.com\/tr\/iletisim\/\"]}]},{\"@type\":\"BreadcrumbList\",\"@id\":\"https:\/\/www.agenasaglik.com\/tr\/iletisim\/#breadcrumb\",\"itemListElement\":[{\"@type\":\"ListItem\",\"position\":1,\"name\":\"Home\",\"item\":\"https:\/\/www.agenasaglik.com\/tr\/\"},{\"@type\":\"ListItem\",\"position\":2,\"name\":\"\u0130leti\u015fim\"}]},{\"@type\":\"WebSite\",\"@id\":\"https:\/\/www.agenasaglik.com\/#website\",\"url\":\"https:\/\/www.agenasaglik.com\/\",\"name\":\"Agena Medical Inc.\",\"description\":\"Medical Supplies\",\"publisher\":{\"@id\":\"https:\/\/www.agenasaglik.com\/#organization\"},\"potentialAction\":[{\"@type\":\"SearchAction\",\"target\":{\"@type\":\"EntryPoint\",\"urlTemplate\":\"https:\/\/www.agenasaglik.com\/?s={search_term_string}\"},\"query-input\":{\"@type\":\"PropertyValueSpecification\",\"valueRequired\":true,\"valueName\":\"search_term_string\"}}],\"inLanguage\":\"tr\"},{\"@type\":\"Organization\",\"@id\":\"https:\/\/www.agenasaglik.com\/#organization\",\"name\":\"Agena Medical Inc.\",\"url\":\"https:\/\/www.agenasaglik.com\/\",\"logo\":{\"@type\":\"ImageObject\",\"inLanguage\":\"tr\",\"@id\":\"https:\/\/www.agenasaglik.com\/#\/schema\/logo\/image\/\",\"url\":\"https:\/\/www.agenasaglik.com\/wp-content\/uploads\/2022\/06\/agena-saglik-logo-1.png\",\"contentUrl\":\"https:\/\/www.agenasaglik.com\/wp-content\/uploads\/2022\/06\/agena-saglik-logo-1.png\",\"width\":321,\"height\":85,\"caption\":\"Agena Medical Inc.\"},\"image\":{\"@id\":\"https:\/\/www.agenasaglik.com\/#\/schema\/logo\/image\/\"}}]}<\/script>\n<!-- \/ Yoast SEO plugin. -->","yoast_head_json":{"title":"Agena Medical Inc.","robots":{"index":"index","follow":"follow","max-snippet":"max-snippet:-1","max-image-preview":"max-image-preview:large","max-video-preview":"max-video-preview:-1"},"canonical":"https:\/\/www.agenasaglik.com\/tr\/iletisim\/","og_locale":"tr_TR","og_type":"article","og_title":"\u0130leti\u015fim - Agena Medical Inc.","og_description":"+90 312 394 36 53 M\u00fc\u015fteri deste\u011fiPzt-Cum: 9:00 \u2013 18:00 bilgi@agenasaglik.com M\u00fc\u015fteri HizmetleriGenel Sorular Timko-1 \u0130\u015fyerleri SitesiNo:20 J\/4 YenimahalleAnkara \/ T\u00fcrkiye Genel Merkez Size nas\u0131l yard\u0131mc\u0131 olabiliriz? Bize Ula\u015f\u0131m","og_url":"https:\/\/www.agenasaglik.com\/tr\/iletisim\/","og_site_name":"Agena Medical Inc.","article_modified_time":"2025-07-29T10:30:50+00:00","twitter_card":"summary_large_image","twitter_misc":{"Tahmini okuma s\u00fcresi":"1 dakika"},"schema":{"@context":"https:\/\/schema.org","@graph":[{"@type":"WebPage","@id":"https:\/\/www.agenasaglik.com\/tr\/iletisim\/","url":"https:\/\/www.agenasaglik.com\/tr\/iletisim\/","name":"\u0130leti\u015fim - Agena Medical Inc.","isPartOf":{"@id":"https:\/\/www.agenasaglik.com\/#website"},"datePublished":"2021-09-16T18:09:59+00:00","dateModified":"2025-07-29T10:30:50+00:00","breadcrumb":{"@id":"https:\/\/www.agenasaglik.com\/tr\/iletisim\/#breadcrumb"},"inLanguage":"tr","potentialAction":[{"@type":"ReadAction","target":["https:\/\/www.agenasaglik.com\/tr\/iletisim\/"]}]},{"@type":"BreadcrumbList","@id":"https:\/\/www.agenasaglik.com\/tr\/iletisim\/#breadcrumb","itemListElement":[{"@type":"ListItem","position":1,"name":"Home","item":"https:\/\/www.agenasaglik.com\/tr\/"},{"@type":"ListItem","position":2,"name":"\u0130leti\u015fim"}]},{"@type":"WebSite","@id":"https:\/\/www.agenasaglik.com\/#website","url":"https:\/\/www.agenasaglik.com\/","name":"Agena Medical Inc.","description":"Medical Supplies","publisher":{"@id":"https:\/\/www.agenasaglik.com\/#organization"},"potentialAction":[{"@type":"SearchAction","target":{"@type":"EntryPoint","urlTemplate":"https:\/\/www.agenasaglik.com\/?s={search_term_string}"},"query-input":{"@type":"PropertyValueSpecification","valueRequired":true,"valueName":"search_term_string"}}],"inLanguage":"tr"},{"@type":"Organization","@id":"https:\/\/www.agenasaglik.com\/#organization","name":"Agena Medical Inc.","url":"https:\/\/www.agenasaglik.com\/","logo":{"@type":"ImageObject","inLanguage":"tr","@id":"https:\/\/www.agenasaglik.com\/#\/schema\/logo\/image\/","url":"https:\/\/www.agenasaglik.com\/wp-content\/uploads\/2022\/06\/agena-saglik-logo-1.png","contentUrl":"https:\/\/www.agenasaglik.com\/wp-content\/uploads\/2022\/06\/agena-saglik-logo-1.png","width":321,"height":85,"caption":"Agena Medical Inc."},"image":{"@id":"https:\/\/www.agenasaglik.com\/#\/schema\/logo\/image\/"}}]}},"_links":{"self":[{"href":"https:\/\/www.agenasaglik.com\/tr\/wp-json\/wp\/v2\/pages\/4852","targetHints":{"allow":["GET"]}}],"collection":[{"href":"https:\/\/www.agenasaglik.com\/tr\/wp-json\/wp\/v2\/pages"}],"about":[{"href":"https:\/\/www.agenasaglik.com\/tr\/wp-json\/wp\/v2\/types\/page"}],"author":[{"embeddable":true,"href":"https:\/\/www.agenasaglik.com\/tr\/wp-json\/wp\/v2\/users\/1"}],"replies":[{"embeddable":true,"href":"https:\/\/www.agenasaglik.com\/tr\/wp-json\/wp\/v2\/comments?post=4852"}],"version-history":[{"count":10,"href":"https:\/\/www.agenasaglik.com\/tr\/wp-json\/wp\/v2\/pages\/4852\/revisions"}],"predecessor-version":[{"id":5786,"href":"https:\/\/www.agenasaglik.com\/tr\/wp-json\/wp\/v2\/pages\/4852\/revisions\/5786"}],"wp:attachment":[{"href":"https:\/\/www.agenasaglik.com\/tr\/wp-json\/wp\/v2\/media?parent=4852"}],"curies":[{"name":"wp","href":"https:\/\/api.w.org\/{rel}","templated":true}]}}