{"id":5205,"date":"2024-01-10T12:22:46","date_gmt":"2024-01-10T12:22:46","guid":{"rendered":"https:\/\/www.agenasaglik.com\/?page_id=5205"},"modified":"2024-01-10T12:35:53","modified_gmt":"2024-01-10T12:35:53","slug":"kalite-cevre-politikasi","status":"publish","type":"page","link":"https:\/\/www.agenasaglik.com\/tr\/kalite-cevre-politikasi\/","title":{"rendered":"Kalite \u00c7evre Politikas\u0131"},"content":{"rendered":"\t\t<div data-elementor-type=\"wp-page\" data-elementor-id=\"5205\" class=\"elementor elementor-5205 elementor-5204\" data-elementor-post-type=\"page\">\n\t\t\t\t\t\t<section class=\"elementor-section elementor-top-section elementor-element elementor-element-1d98f5c elementor-section-stretched elementor-section-content-middle elementor-section-boxed elementor-section-height-default elementor-section-height-default\" data-id=\"1d98f5c\" data-element_type=\"section\" data-e-type=\"section\" data-settings=\"{&quot;stretch_section&quot;:&quot;section-stretched&quot;}\">\n\t\t\t\t\t\t<div class=\"elementor-container elementor-column-gap-wider\">\n\t\t\t\t\t<div class=\"elementor-column elementor-col-100 elementor-top-column elementor-element elementor-element-7eade21\" data-id=\"7eade21\" data-element_type=\"column\" data-e-type=\"column\">\n\t\t\t<div class=\"elementor-widget-wrap elementor-element-populated\">\n\t\t\t\t\t\t<section class=\"elementor-section elementor-inner-section elementor-element elementor-element-ab78339 elementor-section-boxed elementor-section-height-default elementor-section-height-default\" data-id=\"ab78339\" data-element_type=\"section\" data-e-type=\"section\">\n\t\t\t\t\t\t<div class=\"elementor-container elementor-column-gap-wider\">\n\t\t\t\t\t<div class=\"elementor-column elementor-col-100 elementor-inner-column elementor-element elementor-element-a3214ee\" data-id=\"a3214ee\" data-element_type=\"column\" data-e-type=\"column\">\n\t\t\t<div class=\"elementor-widget-wrap elementor-element-populated\">\n\t\t\t\t\t\t<div class=\"elementor-element elementor-element-d2a05c7 elementor-widget elementor-widget-heading\" data-id=\"d2a05c7\" data-element_type=\"widget\" data-e-type=\"widget\" data-widget_type=\"heading.default\">\n\t\t\t\t<div class=\"elementor-widget-container\">\n\t\t\t\t\t<h2 class=\"elementor-heading-title elementor-size-default\">AGENA SA\u011eLIK \u0130N\u015eAAT A.\u015e.<\/h2>\t\t\t\t<\/div>\n\t\t\t\t<\/div>\n\t\t\t\t<div class=\"elementor-element elementor-element-d5f77b9 elementor-widget elementor-widget-heading\" data-id=\"d5f77b9\" data-element_type=\"widget\" data-e-type=\"widget\" data-widget_type=\"heading.default\">\n\t\t\t\t<div class=\"elementor-widget-container\">\n\t\t\t\t\t<h2 class=\"elementor-heading-title elementor-size-default\">Kalite \u00c7evre Politikas\u0131<\/h2>\t\t\t\t<\/div>\n\t\t\t\t<\/div>\n\t\t\t\t<div class=\"elementor-element elementor-element-d48d71a elementor-widget elementor-widget-spacer\" data-id=\"d48d71a\" data-element_type=\"widget\" data-e-type=\"widget\" data-widget_type=\"spacer.default\">\n\t\t\t\t<div class=\"elementor-widget-container\">\n\t\t\t\t\t\t\t<div class=\"elementor-spacer\">\n\t\t\t<div class=\"elementor-spacer-inner\"><\/div>\n\t\t<\/div>\n\t\t\t\t\t\t<\/div>\n\t\t\t\t<\/div>\n\t\t\t\t<div class=\"elementor-element elementor-element-747bc5f elementor-widget elementor-widget-text-editor\" data-id=\"747bc5f\" data-element_type=\"widget\" data-e-type=\"widget\" data-widget_type=\"text-editor.default\">\n\t\t\t\t<div class=\"elementor-widget-container\">\n\t\t\t\t\t\t\t\t\t<p>E\u011fitimli ve deneyimli personelimizle, mevcut kaynaklar\u0131 etkin ve verimli kullanarak, yeni \u00fcr\u00fcnler geli\u015ftirmek, y\u00fcksek kalitede, d\u00fc\u015f\u00fck maliyetli \u00fcretim yapmak, m\u00fc\u015fterilerimizin ihtiya\u00e7 ve beklentilerini s\u00fcresinde kar\u015f\u0131layarak, memnuniyetlerini sa\u011flamak. Stratejik Plan ile TS EN ISO 9001 ve TS EN ISO 14001 Y\u00f6netim Sistemlerimizi uygulanabilir t\u00fcm \u015fartlar ile, g\u00fcncel yasal mevzuat \u00e7er\u00e7evesinde, \u00fcr\u00fcn ve hizmetlerimizi s\u00fcrekli geli\u015ftirmek ve etkinli\u011fini art\u0131rmakt\u0131r.<\/p><p><br \/>Icm Enerji Ve So\u011futma Teknolojileri Sanayi A.\u015e. olarak do\u011fal kaynak kullan\u0131m\u0131na dikkat eden ve at\u0131klar\u0131n\u0131 ay\u0131ran, yasal mevzuat ve gerekliliklere uyan, \u00e7evre ama\u00e7 ve hedeflerini belirleyen, \u00e7evre boyutlar\u0131n\u0131 ve etkilerini kapsam dahilinde olu\u015fturan, \u00fcr\u00fcnlerinin kullan\u0131ld\u0131ktan sonraki \u00e7evre etkilerini de kontrol eden, s\u00fcrekli geli\u015fen ve \u00e7evreye duyarl\u0131 bir firmad\u0131r.<\/p>\t\t\t\t\t\t\t\t<\/div>\n\t\t\t\t<\/div>\n\t\t\t\t<div class=\"elementor-element elementor-element-5b2d8e2 elementor-widget elementor-widget-heading\" data-id=\"5b2d8e2\" data-element_type=\"widget\" data-e-type=\"widget\" data-widget_type=\"heading.default\">\n\t\t\t\t<div class=\"elementor-widget-container\">\n\t\t\t\t\t<h2 class=\"elementor-heading-title elementor-size-default\">Genel M\u00fcd\u00fcr<\/h2>\t\t\t\t<\/div>\n\t\t\t\t<\/div>\n\t\t\t\t\t<\/div>\n\t\t<\/div>\n\t\t\t\t\t<\/div>\n\t\t<\/section>\n\t\t\t\t\t<\/div>\n\t\t<\/div>\n\t\t\t\t\t<\/div>\n\t\t<\/section>\n\t\t\t\t<\/div>\n\t\t","protected":false},"excerpt":{"rendered":"<p>AGENA SA\u011eLIK \u0130N\u015eAAT A.\u015e. Kalite \u00c7evre Politikas\u0131 E\u011fitimli ve deneyimli personelimizle, mevcut kaynaklar\u0131 etkin ve verimli kullanarak, yeni \u00fcr\u00fcnler geli\u015ftirmek, y\u00fcksek kalitede, d\u00fc\u015f\u00fck maliyetli \u00fcretim yapmak, m\u00fc\u015fterilerimizin ihtiya\u00e7 ve beklentilerini s\u00fcresinde kar\u015f\u0131layarak, memnuniyetlerini sa\u011flamak. Stratejik Plan ile TS EN ISO 9001 ve TS EN ISO 14001 Y\u00f6netim Sistemlerimizi uygulanabilir t\u00fcm \u015fartlar ile, g\u00fcncel yasal mevzuat&hellip;<\/p>\n","protected":false},"author":1,"featured_media":4579,"parent":0,"menu_order":15,"comment_status":"closed","ping_status":"closed","template":"","meta":{"inline_featured_image":false,"footnotes":""},"class_list":["post-5205","page","type-page","status-publish","has-post-thumbnail","hentry"],"yoast_head":"<!-- This site is optimized with the Yoast SEO plugin v27.2 - https:\/\/yoast.com\/product\/yoast-seo-wordpress\/ -->\n<title>Agena Medical Inc.<\/title>\n<meta name=\"robots\" content=\"index, follow, max-snippet:-1, max-image-preview:large, max-video-preview:-1\" \/>\n<link rel=\"canonical\" href=\"https:\/\/www.agenasaglik.com\/tr\/kalite-cevre-politikasi\/\" \/>\n<meta property=\"og:locale\" content=\"tr_TR\" \/>\n<meta property=\"og:type\" content=\"article\" \/>\n<meta property=\"og:title\" content=\"Kalite \u00c7evre Politikas\u0131 - Agena Medical Inc.\" \/>\n<meta property=\"og:description\" content=\"AGENA SA\u011eLIK \u0130N\u015eAAT A.\u015e. Kalite \u00c7evre Politikas\u0131 E\u011fitimli ve deneyimli personelimizle, mevcut kaynaklar\u0131 etkin ve verimli kullanarak, yeni \u00fcr\u00fcnler geli\u015ftirmek, y\u00fcksek kalitede, d\u00fc\u015f\u00fck maliyetli \u00fcretim yapmak, m\u00fc\u015fterilerimizin ihtiya\u00e7 ve beklentilerini s\u00fcresinde kar\u015f\u0131layarak, memnuniyetlerini sa\u011flamak. Stratejik Plan ile TS EN ISO 9001 ve TS EN ISO 14001 Y\u00f6netim Sistemlerimizi uygulanabilir t\u00fcm \u015fartlar ile, g\u00fcncel yasal mevzuat&hellip;\" \/>\n<meta property=\"og:url\" content=\"https:\/\/www.agenasaglik.com\/tr\/kalite-cevre-politikasi\/\" \/>\n<meta property=\"og:site_name\" content=\"Agena Medical Inc.\" \/>\n<meta property=\"article:modified_time\" content=\"2024-01-10T12:35:53+00:00\" \/>\n<meta property=\"og:image\" content=\"https:\/\/www.agenasaglik.com\/wp-content\/uploads\/2020\/02\/cons007.jpg\" \/>\n\t<meta property=\"og:image:width\" content=\"1500\" \/>\n\t<meta property=\"og:image:height\" content=\"1000\" \/>\n\t<meta property=\"og:image:type\" content=\"image\/jpeg\" \/>\n<meta name=\"twitter:card\" content=\"summary_large_image\" \/>\n<meta name=\"twitter:label1\" content=\"Tahmini okuma s\u00fcresi\" \/>\n\t<meta name=\"twitter:data1\" content=\"1 dakika\" \/>\n<script type=\"application\/ld+json\" class=\"yoast-schema-graph\">{\"@context\":\"https:\/\/schema.org\",\"@graph\":[{\"@type\":\"WebPage\",\"@id\":\"https:\/\/www.agenasaglik.com\/tr\/kalite-cevre-politikasi\/\",\"url\":\"https:\/\/www.agenasaglik.com\/tr\/kalite-cevre-politikasi\/\",\"name\":\"Kalite \u00c7evre Politikas\u0131 - Agena Medical Inc.\",\"isPartOf\":{\"@id\":\"https:\/\/www.agenasaglik.com\/#website\"},\"primaryImageOfPage\":{\"@id\":\"https:\/\/www.agenasaglik.com\/tr\/kalite-cevre-politikasi\/#primaryimage\"},\"image\":{\"@id\":\"https:\/\/www.agenasaglik.com\/tr\/kalite-cevre-politikasi\/#primaryimage\"},\"thumbnailUrl\":\"https:\/\/www.agenasaglik.com\/wp-content\/uploads\/2020\/02\/cons007.jpg\",\"datePublished\":\"2024-01-10T12:22:46+00:00\",\"dateModified\":\"2024-01-10T12:35:53+00:00\",\"breadcrumb\":{\"@id\":\"https:\/\/www.agenasaglik.com\/tr\/kalite-cevre-politikasi\/#breadcrumb\"},\"inLanguage\":\"tr\",\"potentialAction\":[{\"@type\":\"ReadAction\",\"target\":[\"https:\/\/www.agenasaglik.com\/tr\/kalite-cevre-politikasi\/\"]}]},{\"@type\":\"ImageObject\",\"inLanguage\":\"tr\",\"@id\":\"https:\/\/www.agenasaglik.com\/tr\/kalite-cevre-politikasi\/#primaryimage\",\"url\":\"https:\/\/www.agenasaglik.com\/wp-content\/uploads\/2020\/02\/cons007.jpg\",\"contentUrl\":\"https:\/\/www.agenasaglik.com\/wp-content\/uploads\/2020\/02\/cons007.jpg\",\"width\":1500,\"height\":1000},{\"@type\":\"BreadcrumbList\",\"@id\":\"https:\/\/www.agenasaglik.com\/tr\/kalite-cevre-politikasi\/#breadcrumb\",\"itemListElement\":[{\"@type\":\"ListItem\",\"position\":1,\"name\":\"Home\",\"item\":\"https:\/\/www.agenasaglik.com\/tr\/\"},{\"@type\":\"ListItem\",\"position\":2,\"name\":\"Kalite \u00c7evre Politikas\u0131\"}]},{\"@type\":\"WebSite\",\"@id\":\"https:\/\/www.agenasaglik.com\/#website\",\"url\":\"https:\/\/www.agenasaglik.com\/\",\"name\":\"Agena Medical Inc.\",\"description\":\"Medical Supplies\",\"publisher\":{\"@id\":\"https:\/\/www.agenasaglik.com\/#organization\"},\"potentialAction\":[{\"@type\":\"SearchAction\",\"target\":{\"@type\":\"EntryPoint\",\"urlTemplate\":\"https:\/\/www.agenasaglik.com\/?s={search_term_string}\"},\"query-input\":{\"@type\":\"PropertyValueSpecification\",\"valueRequired\":true,\"valueName\":\"search_term_string\"}}],\"inLanguage\":\"tr\"},{\"@type\":\"Organization\",\"@id\":\"https:\/\/www.agenasaglik.com\/#organization\",\"name\":\"Agena Medical Inc.\",\"url\":\"https:\/\/www.agenasaglik.com\/\",\"logo\":{\"@type\":\"ImageObject\",\"inLanguage\":\"tr\",\"@id\":\"https:\/\/www.agenasaglik.com\/#\/schema\/logo\/image\/\",\"url\":\"https:\/\/www.agenasaglik.com\/wp-content\/uploads\/2022\/06\/agena-saglik-logo-1.png\",\"contentUrl\":\"https:\/\/www.agenasaglik.com\/wp-content\/uploads\/2022\/06\/agena-saglik-logo-1.png\",\"width\":321,\"height\":85,\"caption\":\"Agena Medical Inc.\"},\"image\":{\"@id\":\"https:\/\/www.agenasaglik.com\/#\/schema\/logo\/image\/\"}}]}<\/script>\n<!-- \/ Yoast SEO plugin. -->","yoast_head_json":{"title":"Agena Medical Inc.","robots":{"index":"index","follow":"follow","max-snippet":"max-snippet:-1","max-image-preview":"max-image-preview:large","max-video-preview":"max-video-preview:-1"},"canonical":"https:\/\/www.agenasaglik.com\/tr\/kalite-cevre-politikasi\/","og_locale":"tr_TR","og_type":"article","og_title":"Kalite \u00c7evre Politikas\u0131 - Agena Medical Inc.","og_description":"AGENA SA\u011eLIK \u0130N\u015eAAT A.\u015e. Kalite \u00c7evre Politikas\u0131 E\u011fitimli ve deneyimli personelimizle, mevcut kaynaklar\u0131 etkin ve verimli kullanarak, yeni \u00fcr\u00fcnler geli\u015ftirmek, y\u00fcksek kalitede, d\u00fc\u015f\u00fck maliyetli \u00fcretim yapmak, m\u00fc\u015fterilerimizin ihtiya\u00e7 ve beklentilerini s\u00fcresinde kar\u015f\u0131layarak, memnuniyetlerini sa\u011flamak. Stratejik Plan ile TS EN ISO 9001 ve TS EN ISO 14001 Y\u00f6netim Sistemlerimizi uygulanabilir t\u00fcm \u015fartlar ile, g\u00fcncel yasal mevzuat&hellip;","og_url":"https:\/\/www.agenasaglik.com\/tr\/kalite-cevre-politikasi\/","og_site_name":"Agena Medical Inc.","article_modified_time":"2024-01-10T12:35:53+00:00","og_image":[{"width":1500,"height":1000,"url":"https:\/\/www.agenasaglik.com\/wp-content\/uploads\/2020\/02\/cons007.jpg","type":"image\/jpeg"}],"twitter_card":"summary_large_image","twitter_misc":{"Tahmini okuma s\u00fcresi":"1 dakika"},"schema":{"@context":"https:\/\/schema.org","@graph":[{"@type":"WebPage","@id":"https:\/\/www.agenasaglik.com\/tr\/kalite-cevre-politikasi\/","url":"https:\/\/www.agenasaglik.com\/tr\/kalite-cevre-politikasi\/","name":"Kalite \u00c7evre Politikas\u0131 - Agena Medical Inc.","isPartOf":{"@id":"https:\/\/www.agenasaglik.com\/#website"},"primaryImageOfPage":{"@id":"https:\/\/www.agenasaglik.com\/tr\/kalite-cevre-politikasi\/#primaryimage"},"image":{"@id":"https:\/\/www.agenasaglik.com\/tr\/kalite-cevre-politikasi\/#primaryimage"},"thumbnailUrl":"https:\/\/www.agenasaglik.com\/wp-content\/uploads\/2020\/02\/cons007.jpg","datePublished":"2024-01-10T12:22:46+00:00","dateModified":"2024-01-10T12:35:53+00:00","breadcrumb":{"@id":"https:\/\/www.agenasaglik.com\/tr\/kalite-cevre-politikasi\/#breadcrumb"},"inLanguage":"tr","potentialAction":[{"@type":"ReadAction","target":["https:\/\/www.agenasaglik.com\/tr\/kalite-cevre-politikasi\/"]}]},{"@type":"ImageObject","inLanguage":"tr","@id":"https:\/\/www.agenasaglik.com\/tr\/kalite-cevre-politikasi\/#primaryimage","url":"https:\/\/www.agenasaglik.com\/wp-content\/uploads\/2020\/02\/cons007.jpg","contentUrl":"https:\/\/www.agenasaglik.com\/wp-content\/uploads\/2020\/02\/cons007.jpg","width":1500,"height":1000},{"@type":"BreadcrumbList","@id":"https:\/\/www.agenasaglik.com\/tr\/kalite-cevre-politikasi\/#breadcrumb","itemListElement":[{"@type":"ListItem","position":1,"name":"Home","item":"https:\/\/www.agenasaglik.com\/tr\/"},{"@type":"ListItem","position":2,"name":"Kalite \u00c7evre Politikas\u0131"}]},{"@type":"WebSite","@id":"https:\/\/www.agenasaglik.com\/#website","url":"https:\/\/www.agenasaglik.com\/","name":"Agena Medical Inc.","description":"Medical Supplies","publisher":{"@id":"https:\/\/www.agenasaglik.com\/#organization"},"potentialAction":[{"@type":"SearchAction","target":{"@type":"EntryPoint","urlTemplate":"https:\/\/www.agenasaglik.com\/?s={search_term_string}"},"query-input":{"@type":"PropertyValueSpecification","valueRequired":true,"valueName":"search_term_string"}}],"inLanguage":"tr"},{"@type":"Organization","@id":"https:\/\/www.agenasaglik.com\/#organization","name":"Agena Medical Inc.","url":"https:\/\/www.agenasaglik.com\/","logo":{"@type":"ImageObject","inLanguage":"tr","@id":"https:\/\/www.agenasaglik.com\/#\/schema\/logo\/image\/","url":"https:\/\/www.agenasaglik.com\/wp-content\/uploads\/2022\/06\/agena-saglik-logo-1.png","contentUrl":"https:\/\/www.agenasaglik.com\/wp-content\/uploads\/2022\/06\/agena-saglik-logo-1.png","width":321,"height":85,"caption":"Agena Medical Inc."},"image":{"@id":"https:\/\/www.agenasaglik.com\/#\/schema\/logo\/image\/"}}]}},"_links":{"self":[{"href":"https:\/\/www.agenasaglik.com\/tr\/wp-json\/wp\/v2\/pages\/5205","targetHints":{"allow":["GET"]}}],"collection":[{"href":"https:\/\/www.agenasaglik.com\/tr\/wp-json\/wp\/v2\/pages"}],"about":[{"href":"https:\/\/www.agenasaglik.com\/tr\/wp-json\/wp\/v2\/types\/page"}],"author":[{"embeddable":true,"href":"https:\/\/www.agenasaglik.com\/tr\/wp-json\/wp\/v2\/users\/1"}],"replies":[{"embeddable":true,"href":"https:\/\/www.agenasaglik.com\/tr\/wp-json\/wp\/v2\/comments?post=5205"}],"version-history":[{"count":7,"href":"https:\/\/www.agenasaglik.com\/tr\/wp-json\/wp\/v2\/pages\/5205\/revisions"}],"predecessor-version":[{"id":5220,"href":"https:\/\/www.agenasaglik.com\/tr\/wp-json\/wp\/v2\/pages\/5205\/revisions\/5220"}],"wp:featuredmedia":[{"embeddable":true,"href":"https:\/\/www.agenasaglik.com\/tr\/wp-json\/wp\/v2\/media\/4579"}],"wp:attachment":[{"href":"https:\/\/www.agenasaglik.com\/tr\/wp-json\/wp\/v2\/media?parent=5205"}],"curies":[{"name":"wp","href":"https:\/\/api.w.org\/{rel}","templated":true}]}}